{"id":694,"date":"2021-04-20T09:05:54","date_gmt":"2021-04-20T09:05:54","guid":{"rendered":"https:\/\/www.volkswagen-comerciales.es\/?page_id=694"},"modified":"2025-09-11T08:32:03","modified_gmt":"2025-09-11T08:32:03","slug":"politica-de-privacidad-o-tratamiento-digital-de-datos","status":"publish","type":"page","link":"https:\/\/www.volkswagen-comerciales.es\/comunicacion\/politica-de-privacidad-o-tratamiento-digital-de-datos\/","title":{"rendered":"Pol\u00edtica de privacidad o tratamiento digital de datos"},"content":{"rendered":"<p><strong>Pol\u00edtica de privacidad o tratamiento digital de datos<\/strong><\/p>\n<p>\u00daltima revisi\u00f3n: septiembre de 2025<\/p>\n<p><strong>\u00bfQui\u00e9n es el responsable del tratamiento de tus datos?<\/strong><\/p>\n<p>Identidad: Volkswagen Group Espa\u00f1a Distribuci\u00f3n, S.A.U<br \/>\nDir. postal: Parque de Negocios Mas Blau II. C\/ Selva, 22, 08820 El Prat de Llobregat (Barcelona)<br \/>\nTel\u00e9fono: 93.261.72.00<br \/>\nCorreo electr\u00f3nico: delegadoprotecciondatos@volkswagengroup.es<br \/>\ndelegado de Protecci\u00f3n de Datos: delegadoprotecciondatos@volkswagengroup.es<\/p>\n<p><strong>\u00bfCon qu\u00e9 finalidad tratamos tus datos personales?<\/strong><\/p>\n<p>En cumplimiento de lo dispuesto en el Reglamento Europeo 2016\/679 General de Protecci\u00f3n de Datos, te informamos de que en Volkswagen Group Espa\u00f1a Distribuci\u00f3n, S.A. tratamos los datos que nos facilitas para gestionar el env\u00edo de informaci\u00f3n de prensa relativa a aquellas marcas y \u00e1reas de inter\u00e9s seleccionadas en el formulario de suscripci\u00f3n. Se indican a continuaci\u00f3n las marcas y \u00e1reas de inter\u00e9s seleccionables por el interesado:<\/p>\n<ul>\n<li>Marcas: Volkswagen, Skoda, Veh\u00edculos Comerciales y Volkswagen Group Espa\u00f1a Distribuci\u00f3n.<\/li>\n<li>\u00c1reas de inter\u00e9s: Producto, Publicidad y patrocinio, Grupo VW, Tecnolog\u00eda, Internet, Corporativo, Competici\u00f3n y Medio ambiente.<\/li>\n<\/ul>\n<p>En algunos casos para alcanzar la finalidad descrita en esta secci\u00f3n, se pueden usar sistemas o modelos de inteligencia artificial, para los que VGED adopta las medidas adecuadas para cumplir con lo dispuesto en el ya citado Reglamento general de protecci\u00f3n de datos y en el Reglamento (UE) 2024\/1689 del Parlamento Europeo y del Consejo, de 13 de junio de 2024, por el que se establecen normas armonizadas en materia de inteligencia artificial.<\/p>\n<p><strong>\u00a0<\/strong><\/p>\n<p><strong>Tipolog\u00eda de datos que se tratan<\/strong><\/p>\n<p>En el marco del servicio de suscripci\u00f3n de alertas de prensa, trataremos las siguientes categor\u00edas de datos:<\/p>\n<ul>\n<li>Datos identificativos y de contacto.<\/li>\n<li>Datos relativos a tu cargo profesional y al medio de comunicaci\u00f3n donde desempe\u00f1as tu labor profesional.<\/li>\n<\/ul>\n<p><strong>\u00bfPor cu\u00e1nto tiempo conservaremos tus datos?<\/strong><\/p>\n<p>Tus datos ser\u00e1n conservados, en su caso, durante 3 a\u00f1os desde la finalizaci\u00f3n del env\u00edo de alertas, y en cualquier caso mientras no solicites su supresi\u00f3n, as\u00ed como el tiempo necesario para dar cumplimiento a las obligaciones legales que en cada caso correspondan acorde con cada tipolog\u00eda de datos.<\/p>\n<p><strong>\u00bfCu\u00e1l es la legitimaci\u00f3n para el tratamiento de tus datos?<\/strong><\/p>\n<p>La base legal para el tratamiento de tus datos es el consentimiento otorgado a Volkswagen Group Espa\u00f1a Distribuci\u00f3n, S.A. mediante la suscripci\u00f3n del servicio de alertas de prensa.<\/p>\n<p><strong>\u00bfA qu\u00e9 destinatarios se comunicar\u00e1n tus datos?<\/strong><\/p>\n<p>No se ceder\u00e1n datos personales a terceros, salvo obligaci\u00f3n legal.<\/p>\n<p><strong>\u00bfCu\u00e1les son tus derechos cuando nos facilita tus datos?<\/strong><\/p>\n<p>Tienes derecho a obtener confirmaci\u00f3n sobre si estamos tratando datos personales que te conciernan, o no.<\/p>\n<p>Asimismo, tienes derecho a acceder a tus datos personales, as\u00ed como a solicitar la rectificaci\u00f3n de los datos inexactos o, en su caso, solicitar su supresi\u00f3n cuando, entre otros motivos, los datos ya no sean necesarios para los fines que fueron recogidos.<\/p>\n<p>En determinadas circunstancias y por motivos relacionados con tu situaci\u00f3n particular, podr\u00e1s oponerte al tratamiento de tus datos. Volkswagen Group Espa\u00f1a Distribuci\u00f3n, S.A. dejar\u00e1 de tratar los datos, salvo por motivos leg\u00edtimos imperiosos, o el ejercicio o la defensa de posibles reclamaciones.<\/p>\n<p>Asimismo, puedes ejercer el derecho a la portabilidad de los datos, as\u00ed como retirar los consentimientos facilitados en cualquier momento, sin que ello afecte a la licitud del tratamiento basado en el consentimiento previo a su retirada.<\/p>\n<p>Podr\u00e1s ejercer dichos derechos enviando un correo electr\u00f3nico a\u00a0<a href=\"mailto:delegadoprotecciondatos@volkswagengroup.es\">delegadoprotecciondatos@volkswagengroup.es<\/a>, adjuntando una copia de tu DNI u otro documento que acredite tu identidad, e indicando claramente el derecho que quieres ejercer.<\/p>\n<p>Por \u00faltimo, te informamos que puedes dirigirte ante la Agencia Espa\u00f1ola de Protecci\u00f3n de Datos y dem\u00e1s organismos p\u00fablicos competentes para cualquier reclamaci\u00f3n derivada del tratamiento de sus datos personales.<\/p>\n<p><strong>\u00bfC\u00f3mo hemos obtenido tus datos?<\/strong><\/p>\n<p>Tus datos personales han sido obtenidos mediante la suscripci\u00f3n a nuestro servicio de alertas de prensa.<\/p>\n<p>Te recordamos que en caso de que nos proporciones datos relativos a otra persona f\u00edsica deber\u00e1s, con car\u00e1cter previo a su inclusi\u00f3n, informarle de los extremos contenidos en la presente cl\u00e1usula.<\/p>\n<p>&nbsp;<\/p>\n","protected":false},"excerpt":{"rendered":"<p>Pol\u00edtica de privacidad o tratamiento digital de datos \u00daltima revisi\u00f3n: septiembre de 2025 \u00bfQui\u00e9n es el responsable del tratamiento de tus datos? Identidad: Volkswagen Group Espa\u00f1a Distribuci\u00f3n, S.A.U Dir. postal: Parque de Negocios Mas Blau II. C\/ Selva, 22, 08820 El Prat de Llobregat (Barcelona) Tel\u00e9fono: 93.261.72.00 Correo electr\u00f3nico: delegadoprotecciondatos@volkswagengroup.es delegado de Protecci\u00f3n de Datos: [&hellip;]<\/p>\n","protected":false},"author":2,"featured_media":0,"parent":0,"menu_order":0,"comment_status":"closed","ping_status":"closed","template":"templates\/tpl-legal.php","meta":{"_acf_changed":false,"ep_exclude_from_search":false,"footnotes":""},"class_list":["post-694","page","type-page","status-publish","hentry"],"acf":[],"_links":{"self":[{"href":"https:\/\/www.volkswagen-comerciales.es\/comunicacion\/wp-json\/wp\/v2\/pages\/694","targetHints":{"allow":["GET"]}}],"collection":[{"href":"https:\/\/www.volkswagen-comerciales.es\/comunicacion\/wp-json\/wp\/v2\/pages"}],"about":[{"href":"https:\/\/www.volkswagen-comerciales.es\/comunicacion\/wp-json\/wp\/v2\/types\/page"}],"author":[{"embeddable":true,"href":"https:\/\/www.volkswagen-comerciales.es\/comunicacion\/wp-json\/wp\/v2\/users\/2"}],"replies":[{"embeddable":true,"href":"https:\/\/www.volkswagen-comerciales.es\/comunicacion\/wp-json\/wp\/v2\/comments?post=694"}],"version-history":[{"count":2,"href":"https:\/\/www.volkswagen-comerciales.es\/comunicacion\/wp-json\/wp\/v2\/pages\/694\/revisions"}],"predecessor-version":[{"id":6358,"href":"https:\/\/www.volkswagen-comerciales.es\/comunicacion\/wp-json\/wp\/v2\/pages\/694\/revisions\/6358"}],"wp:attachment":[{"href":"https:\/\/www.volkswagen-comerciales.es\/comunicacion\/wp-json\/wp\/v2\/media?parent=694"}],"curies":[{"name":"wp","href":"https:\/\/api.w.org\/{rel}","templated":true}]}}